{"id":189,"date":"2024-12-13T09:18:27","date_gmt":"2024-12-13T13:18:27","guid":{"rendered":"https:\/\/lasmamascool.com\/?page_id=189"},"modified":"2024-12-17T21:25:45","modified_gmt":"2024-12-18T01:25:45","slug":"contacto","status":"publish","type":"page","link":"https:\/\/lasmamascool.com\/unete\/contacto\/","title":{"rendered":"Contacto"},"content":{"rendered":"\t\t<div data-elementor-type=\"wp-page\" data-elementor-id=\"189\" class=\"elementor elementor-189\">\n\t\t\t\t<div class=\"elementor-element elementor-element-cedd9e2 e-flex e-con-boxed e-con e-parent\" data-id=\"cedd9e2\" data-element_type=\"container\" data-e-type=\"container\">\n\t\t\t\t\t<div class=\"e-con-inner\">\n\t\t\t\t<div class=\"elementor-element elementor-element-c56c06b elementor-widget elementor-widget-heading\" data-id=\"c56c06b\" data-element_type=\"widget\" data-e-type=\"widget\" data-widget_type=\"heading.default\">\n\t\t\t\t<div class=\"elementor-widget-container\">\n\t\t\t\t\t<h2 class=\"elementor-heading-title elementor-size-default\">Cont\u00e1ctanos<\/h2>\t\t\t\t<\/div>\n\t\t\t\t<\/div>\n\t\t\t\t\t<\/div>\n\t\t\t\t<\/div>\n\t\t<div class=\"elementor-element elementor-element-0f9a236 e-flex e-con-boxed e-con e-parent\" data-id=\"0f9a236\" data-element_type=\"container\" data-e-type=\"container\">\n\t\t\t\t\t<div class=\"e-con-inner\">\n\t\t\t\t<div class=\"elementor-element elementor-element-b551b90 elementor-widget elementor-widget-text-editor\" data-id=\"b551b90\" data-element_type=\"widget\" data-e-type=\"widget\" data-widget_type=\"text-editor.default\">\n\t\t\t\t<div class=\"elementor-widget-container\">\n\t\t\t\t\t\t\t\t\t<p>Si deseas comunicarte con nuestro equipo de Las Mam\u00e1s Cool, estamos aqu\u00ed para ayudarte.<\/p>\t\t\t\t\t\t\t\t<\/div>\n\t\t\t\t<\/div>\n\t\t\t\t\t<\/div>\n\t\t\t\t<\/div>\n\t\t<div class=\"elementor-element elementor-element-2a8e2df e-flex e-con-boxed e-con e-parent\" data-id=\"2a8e2df\" data-element_type=\"container\" data-e-type=\"container\">\n\t\t\t\t\t<div class=\"e-con-inner\">\n\t\t<div class=\"elementor-element elementor-element-3f25753 e-con-full e-flex e-con e-child\" data-id=\"3f25753\" data-element_type=\"container\" data-e-type=\"container\">\n\t\t\t\t<div class=\"elementor-element elementor-element-dcf8064 elementor-widget elementor-widget-text-editor\" data-id=\"dcf8064\" data-element_type=\"widget\" data-e-type=\"widget\" data-widget_type=\"text-editor.default\">\n\t\t\t\t<div class=\"elementor-widget-container\">\n\t\t\t\t\t\t\t\t\t<p><strong>\ud83d\udce7 Correo electr\u00f3nico:<\/strong><br \/><a rel=\"noopener\"><span \n                data-original-string='JdfnkoF8ICek7Hkgi1t\/1w==5a72R0lz9LKCUmSEYTfwtZef2S6+cBocS9t7qmwk10T\/14='\n                class='apbct-email-encoder'\n                title='Este contacto ha sido codificado por Anti-Spam by CleanTalk. Haz clic para decodificar. Para finalizar la decodificaci\u00f3n, aseg\u00farate de que JavaScript est\u00e1 activado en tu navegador.'>co<span class=\"apbct-blur\">******<\/span>@<span class=\"apbct-blur\">**********<\/span>ol.com<\/span><\/a><\/p>\t\t\t\t\t\t\t\t<\/div>\n\t\t\t\t<\/div>\n\t\t\t\t<\/div>\n\t\t<div class=\"elementor-element elementor-element-878e0f2 e-con-full e-flex e-con e-child\" data-id=\"878e0f2\" data-element_type=\"container\" data-e-type=\"container\">\n\t\t\t\t<div class=\"elementor-element elementor-element-56b5448 elementor-widget elementor-widget-text-editor\" data-id=\"56b5448\" data-element_type=\"widget\" data-e-type=\"widget\" data-widget_type=\"text-editor.default\">\n\t\t\t\t<div class=\"elementor-widget-container\">\n\t\t\t\t\t\t\t\t\t<p><strong>\ud83d\udcf1 Redes sociales:<br \/><\/strong>Instagram: <a href=\"https:\/\/www.instagram.com\/lasmamascool\/\">@Lasmamascool<\/a><\/p>\t\t\t\t\t\t\t\t<\/div>\n\t\t\t\t<\/div>\n\t\t\t\t<\/div>\n\t\t\t\t\t<\/div>\n\t\t\t\t<\/div>\n\t\t\t\t<\/div>\n\t\t","protected":false},"excerpt":{"rendered":"<p>Cont\u00e1ctanos Si deseas comunicarte con nuestro equipo de Las Mam\u00e1s Cool, estamos aqu\u00ed para ayudarte. \ud83d\udce7 Correo electr\u00f3nico:co******@**********ol.com \ud83d\udcf1 Redes sociales:Instagram: @Lasmamascool<\/p>\n","protected":false},"author":1,"featured_media":0,"parent":0,"menu_order":0,"comment_status":"closed","ping_status":"closed","template":"elementor_header_footer","meta":{"_acf_changed":false,"pmpro_default_level":"","footnotes":""},"class_list":["post-189","page","type-page","status-publish","hentry","pmpro-has-access"],"acf":[],"_links":{"self":[{"href":"https:\/\/lasmamascool.com\/unete\/wp-json\/wp\/v2\/pages\/189","targetHints":{"allow":["GET"]}}],"collection":[{"href":"https:\/\/lasmamascool.com\/unete\/wp-json\/wp\/v2\/pages"}],"about":[{"href":"https:\/\/lasmamascool.com\/unete\/wp-json\/wp\/v2\/types\/page"}],"author":[{"embeddable":true,"href":"https:\/\/lasmamascool.com\/unete\/wp-json\/wp\/v2\/users\/1"}],"replies":[{"embeddable":true,"href":"https:\/\/lasmamascool.com\/unete\/wp-json\/wp\/v2\/comments?post=189"}],"version-history":[{"count":4,"href":"https:\/\/lasmamascool.com\/unete\/wp-json\/wp\/v2\/pages\/189\/revisions"}],"predecessor-version":[{"id":324,"href":"https:\/\/lasmamascool.com\/unete\/wp-json\/wp\/v2\/pages\/189\/revisions\/324"}],"wp:attachment":[{"href":"https:\/\/lasmamascool.com\/unete\/wp-json\/wp\/v2\/media?parent=189"}],"curies":[{"name":"wp","href":"https:\/\/api.w.org\/{rel}","templated":true}]}}