{"id":191,"date":"2024-12-13T09:21:56","date_gmt":"2024-12-13T13:21:56","guid":{"rendered":"https:\/\/lasmamascool.com\/?page_id=191"},"modified":"2025-04-04T22:39:08","modified_gmt":"2025-04-05T02:39:08","slug":"terminos-y-condiciones-pag","status":"publish","type":"page","link":"https:\/\/lasmamascool.com\/unete\/terminos-y-condiciones-pag\/","title":{"rendered":"Legal: T\u00e9rminos y condiciones del sitio web"},"content":{"rendered":"\t\t<div data-elementor-type=\"wp-page\" data-elementor-id=\"191\" class=\"elementor elementor-191\">\n\t\t\t\t<div class=\"elementor-element elementor-element-81c290d e-flex e-con-boxed e-con e-parent\" data-id=\"81c290d\" data-element_type=\"container\" data-e-type=\"container\">\n\t\t\t\t\t<div class=\"e-con-inner\">\n\t\t\t\t<div class=\"elementor-element elementor-element-5190596 elementor-widget elementor-widget-text-editor\" data-id=\"5190596\" data-element_type=\"widget\" data-e-type=\"widget\" data-widget_type=\"text-editor.default\">\n\t\t\t\t<div class=\"elementor-widget-container\">\n\t\t\t\t\t\t\t\t\t<p>Estos T\u00e9rminos y condiciones establecen c\u00f3mo usted (el Usuario) puede usar este Sitio.<\/p>\n<p><b>Por favor, l\u00e9alas cuidadosamente.<\/b><\/p>\n<p>En Adolescencia Positiva LLC La Declaraci\u00f3n de privacidad se establece en una p\u00e1gina separada y confirma c\u00f3mo usamos los datos relacionados con usted y forma parte de estos T\u00e9rminos de uso.<\/p>\n<p>Estos T\u00e9rminos y condiciones describen los t\u00e9rminos en los que se le permite usar este Sitio.<\/p>\n<p>Se aplican t\u00e9rminos legales separados a las compras realizadas a trav\u00e9s de este Sitio.<\/p>\n<p>Estos t\u00e9rminos pueden cambiar con el tiempo y los t\u00e9rminos vigentes se mostrar\u00e1n en esta p\u00e1gina.<\/p>\n<p>&nbsp;<span style=\"font-size: 18px; text-align: var(--text-align);\"><b>SOBRE NOSOTROS Y COMO CONTACTARNOS<\/b><\/span><\/p>\n<p>Adolescencia Positiva LLC es constituida y registrada en Estados Unidos con domicilio en: 18117 Biscayne Boulevard, Aventura, FL.&nbsp;<span style=\"font-size: 18px; text-align: var(--text-align);\">Puede ponerse en contacto con nosotros por escrito a trav\u00e9s de <span \n                data-original-string='\/bPE0tMUgaIJo85bmY1aNQ==5a75Ut6U9tzDz53iNx6JAvj9VooChccRcroaBS4fQ5dW1k='\n                class='apbct-email-encoder'\n                title='Este contacto ha sido codificado por Anti-Spam by CleanTalk. Haz clic para decodificar. Para finalizar la decodificaci\u00f3n, aseg\u00farate de que JavaScript est\u00e1 activado en tu navegador.'>co<span class=\"apbct-blur\">******<\/span>@<span class=\"apbct-blur\">**********<\/span>ol.com<\/span> o por correo postal al domicilio social.<\/span><\/p>\n<p><b>USO DEL SITIO<\/b><\/p>\n<p>Visitando www.lasmamascool.com usted est\u00e1 aceptando nuestros t\u00e9rminos y condiciones como se establece a continuaci\u00f3n. Si no desea aceptar los t\u00e9rminos y condiciones de este Sitio en su totalidad, debe dejar de usar este Sitio de inmediato.<\/p>\n<p>Este sitio web, www.lasmasmascool.com, se denominar\u00e1 el \u201cSitio\u201d. Todos los visitantes del Sitio ser\u00e1n referidos como \u00abUsuario\u00bb \u00abUsted\u00bb o \u00abSu\u00bb. Como usuario, estar\u00e1 sujeto a estos T\u00e9rminos de uso, a los que tambi\u00e9n se puede hacer referencia de vez en cuando como T\u00e9rminos y condiciones. Los t\u00e9rminos \u00abNosotros\u00bb \u00abNos\u00bb y \u00abNuestro\u00bb se refieren a Adolescencia Positiva LLC. El acceso y uso del Sitio implica la aceptaci\u00f3n de los T\u00e9rminos de uso.<\/p>\n<p>Al utilizar este Sitio, usted acepta los T\u00e9rminos y condiciones sin modificaciones. Nos reservamos el derecho de modificar los T\u00e9rminos de uso de este Sitio y, al hacerlo, actualizaremos estos T\u00e9rminos y condiciones.<\/p>\n<p>Este Sitio est\u00e1 destinado a ser utilizado por personas que tengan un m\u00ednimo de 18 a\u00f1os.<\/p>\n<p>No debe copiar, compartir o difundir la informaci\u00f3n de este sitio que est\u00e1 sujeta a derechos de autor para los cuales todos los derechos est\u00e1n reservados.<\/p>\n<p>Este Sitio est\u00e1 dirigido a personas que residen en Estados Unidos, Canada, latinoamerica y Europa. No representamos que el contenido estar\u00e1 disponible o ser\u00e1 apropiado en otros lugares. Este Sitio est\u00e1 escrito en espa\u00f1ol y no nos hacemos responsables de ninguna traducci\u00f3n que se aplique a este Sitio.<\/p>\n<p>Al utilizar este Sitio, es posible que encuentre comentarios y\/o contenido proporcionado por otros usuarios. Nosotros no verificamos ni aprobamos la informaci\u00f3n contenida en los comentarios de los usuarios. Las opiniones expresadas por otros usuarios en el Sitio no representan nuestras opiniones o valores.<\/p>\n<p><span style=\"font-size: 18px; text-align: var(--text-align);\"><b>T\u00c9RMINOS<\/b><\/span><\/p>\n<p>El contenido de este Sitio y los canales de redes sociales asociados a trav\u00e9s de(Instagram @lasmamascool) o TikTok y marketing por correo electr\u00f3nico, incluir\u00e1 informaci\u00f3n sobre crianza, disciplina positiva, adolescencia, bienestar, desarrollo positivo adolescente y psicolog\u00eda positiva. Todo el contenido est\u00e1 destinado \u00fanicamente a fines informativos. Ninguno de los contenidos en correos electr\u00f3nicos, publicaciones de blogs o publicaciones en redes sociales debe interpretarse como espec\u00edfico o terapia.<\/p>\n<p>Adem\u00e1s de estos T\u00e9rminos de uso, tenga en cuenta nuestra Pol\u00edtica de privacidad y los T\u00e9rminos y condiciones de venta que incluyen t\u00e9rminos clave que se establecen por separado en nuestro Sitio.<\/p>\n<p>&nbsp;<b style=\"font-size: 18px; text-align: var(--text-align);\">OPERACI\u00d3N DEL SITIO<\/b><\/p>\n<p>Este Sitio est\u00e1 disponible de forma gratuita y existe una comunidad virtual en modalidad paga al cual se puede acceder.<\/p>\n<p>No garantizamos la disponibilidad de ning\u00fan Sitio o contenido. Nos reservamos todos los derechos de retirar, suspender o restringir el contenido en cualquier momento y por cualquier motivo. Siempre que sea posible, le daremos un aviso razonable si se suspende el Sitio.<\/p>\n<p>No garantizamos que este Sitio sea seguro o est\u00e9 libre de errores o virus.<\/p>\n<p>Usted es responsable de configurar su tecnolog\u00eda de la informaci\u00f3n, los programas inform\u00e1ticos y la plataforma para acceder a nuestro Sitio. Debe utilizar su propio software de protecci\u00f3n antivirus.<\/p>\n<p><b>POL\u00cdTICA DE PRIVACIDAD<\/b><\/p>\n<p>Nuestro negocio tiene una pol\u00edtica de privacidad. Los elementos clave de esa pol\u00edtica se establecen en este Sitio en nuestra Declaraci\u00f3n de privacidad, \u00faltima actualizaci\u00f3n 14 de diciembre, 2024. La Declaraci\u00f3n de privacidad se puede encontrar en el siguiente enlace: Pol\u00edtica de Privacidad<\/p>\n<p><b>DERECHOS DE PROPIEDAD INTELECTUAL<\/b><\/p>\n<p>Este Sitio contiene propiedad intelectual creada y propiedad de Adolescencia Positiva LLC a menos que se indique lo contrario. La Propiedad Intelectual incluye todo el contenido del Sitio. Contenido significa cualquier texto, gr\u00e1fico, audio y video y tambi\u00e9n se extiende a los dise\u00f1os de p\u00e1gina de este Sitio y cualquier canal de redes sociales y correos electr\u00f3nicos. Todas las fotograf\u00edas y videos en este sitio web y los canales de redes sociales conectados: Facebook, Instagram, Twitter y Youtube est\u00e1n sujetos a derechos de autor.<\/p>\n<p>No se otorga permiso para reimprimir o volver a publicar directamente el contenido del sitio en parte o en su totalidad sin reconocimiento y enlaces a la p\u00e1gina original o fuente de contenido. En ning\u00fan momento tiene derecho a reclamar derechos sobre nuestra propiedad intelectual<\/p>\n<p>Si desea utilizar el contenido de este Sitio, comun\u00edquese con <span \n                data-original-string='pnU+0rLSlRgP3OsGiC9nAg==5a7PYQp++pGSs0HcCn3EUlT\/yE2gTb3kdK5IIEVQDdQp\/Q='\n                class='apbct-email-encoder'\n                title='Este contacto ha sido codificado por Anti-Spam by CleanTalk. Haz clic para decodificar. Para finalizar la decodificaci\u00f3n, aseg\u00farate de que JavaScript est\u00e1 activado en tu navegador.'>co<span class=\"apbct-blur\">******<\/span>@<span class=\"apbct-blur\">*********<\/span>oo.com<\/span> para hacer su pedido. Debe recibir un permiso por escrito para reutilizar, copiar y\/o modificar cualquier contenido de este Sitio, o el contenido que se le comparte por correo electr\u00f3nico o en las redes sociales.<\/p>\n<p>Si se le otorga permiso para compartir contenido de este Sitio o de nuestros canales de redes sociales, vincule de nuevo a la p\u00e1gina del sitio web espec\u00edfico y h\u00e1ganos saber que ha compartido la pieza para que podamos compartir su pieza con nuestra audiencia.<\/p>\n<p>Para todas las solicitudes de derechos de autor, p\u00f3ngase en contacto a trav\u00e9s de <span \n                data-original-string='wptbEfIFBquDicW+X+VzTA==5a7fCnpmK1tsHlAWQ9fkYOfj+tRx8bp3kDzyMno796OUWE='\n                class='apbct-email-encoder'\n                title='Este contacto ha sido codificado por Anti-Spam by CleanTalk. Haz clic para decodificar. Para finalizar la decodificaci\u00f3n, aseg\u00farate de que JavaScript est\u00e1 activado en tu navegador.'>co<span class=\"apbct-blur\">******<\/span>@<span class=\"apbct-blur\">**********<\/span>ol.com<\/span><\/p>\n<p><b>P\u00c9RDIDA O DA\u00d1O<\/b><\/p>\n<p>Sin perjuicio de cualquiera de estos t\u00e9rminos, no tenemos la intenci\u00f3n de excluir o limitar nuestra responsabilidad hacia usted cuando sea ilegal hacerlo. No excluimos ni limitamos la responsabilidad por muerte o lesiones personales causadas por nuestra negligencia o la negligencia de nuestros empleados, agentes o subcontratistas y por fraude o tergiversaci\u00f3n fraudulenta.<\/p>\n<p>No tenemos ninguna responsabilidad ante Usted por cualquier p\u00e9rdida de ganancias, p\u00e9rdida de negocios, interrupci\u00f3n de negocios o p\u00e9rdida de oportunidades de negocios. En la medida m\u00e1xima permitida por la ley, nuestra responsabilidad total hacia usted en relaci\u00f3n con estos t\u00e9rminos, independientemente de c\u00f3mo surja en el contrato, negligencia o de otro modo, se limita a $250.<\/p>\n<p>Si el contenido digital defectuoso que le hemos proporcionado da\u00f1a un dispositivo o contenido digital que le pertenece y esto se debe a nuestra falta de cuidado y habilidad razonables, repararemos el da\u00f1o o le pagaremos una compensaci\u00f3n.<\/p>\n<p><b>POL\u00cdTICA DE REEMBOLSO<\/b><\/p>\n<p>Si decide comprar un programa de entrenamiento o cualquier producto personalizado de este Sitio, entonces firmar\u00e1 un contrato de venta con nosotros en el punto de venta. Si cambia de opini\u00f3n acerca de la compra, tiene derecho a un reembolso durante los 7 d\u00edas posteriores a la compra. Si su curso o programa de entrenamiento comienza dentro de ese per\u00edodo de 7 d\u00edas y decide cancelarlo, se le reembolsar\u00e1, pero el monto de las sesiones de coaching o el valor recibido se deducir\u00e1 de su reembolso. Las deducciones se calcular\u00e1n a prorrata.<\/p>\n<p>Si realiza una compra electr\u00f3nica, se le enviar\u00e1 un enlace para una descarga directa. En el momento de la compra, se le pedir\u00e1 que confirme su consentimiento expreso para recibir la descarga de forma inmediata. Al aceptar recibir la descarga en el punto de compra, perder\u00e1 su derecho a cancelar y su derecho a reembolso.<\/p>\n<p>Si tiene alguna pregunta sobre su compra, estaremos encantados de ayudarle.<\/p>\n<p><b>EXENCIONES DE RESPONSABILIDAD<\/b><\/p>\n<p>La informaci\u00f3n de este sitio web est\u00e1 destinada \u00fanicamente a fines informativos y de entretenimiento y no constituye un consejo m\u00e9dico. La informaci\u00f3n en este Sitio se proporciona sin ninguna representaci\u00f3n o garant\u00eda, expresa o impl\u00edcita.<\/p>\n<p>Debe obtener asesoramiento profesional o especializado antes de tomar o abstenerse de tomar cualquier acci\u00f3n sobre la base del contenido de nuestro Sitio.<\/p>\n<p>No debe confiar en la informaci\u00f3n de nuestro Sitio como una alternativa al consejo m\u00e9dico de su m\u00e9dico u otro profesional de la salud. Si tiene alguna pregunta espec\u00edfica sobre un asunto m\u00e9dico, debe consultar a su m\u00e9dico de cabecera u otro profesional de la salud pertinente. Si cree que puede estar sufriendo de una condici\u00f3n m\u00e9dica, debe buscar atenci\u00f3n m\u00e9dica inmediata. Nunca debe demorarse en buscar consejo m\u00e9dico debido a la informaci\u00f3n en nuestro sitio web o canales de redes sociales.<\/p>\n<p>Aunque se hacen esfuerzos razonables para actualizar la informaci\u00f3n en este Sitio, no hacemos representaciones ni garant\u00edas, ya sean expresas o impl\u00edcitas, de que el contenido de nuestro Sitio sea preciso, completo o actualizado.<\/p>\n<p>El contenido de este Sitio no constituye terapia. Si necesita terapia debe comunicarse directamente con un profesional. Ver la informaci\u00f3n en este Sitio no constituye una relaci\u00f3n contractual entre usted y nosotros.<\/p>\n<p>Nada en este descargo de responsabilidad:<\/p>\n<p>(a)<span style=\"white-space:pre\">\t<\/span>limitar o excluir cualquier responsabilidad por muerte o lesiones personales resultantes de negligencia;<\/p>\n<p>(b)<span style=\"white-space:pre\">\t<\/span>limitar o excluir cualquier responsabilidad por fraude o tergiversaci\u00f3n fraudulenta;<\/p>\n<p>(C)<span style=\"white-space:pre\">\t<\/span>limitar cualquier responsabilidad de cualquier manera que no est\u00e9 permitida por la ley aplicable; o<\/p>\n<p>(d)<span style=\"white-space:pre\">\t<\/span>excluir cualquier responsabilidad que no pueda ser excluida bajo la ley aplicable.<\/p>\n<p>Este sitio puede contener enlaces a otros sitios. Estos sitios no est\u00e1n bajo nuestro control y no podemos ser responsables de ninguna acci\u00f3n o evento que surja de que usted siga los enlaces de este Sitio. Los enlaces se proporcionan solo con fines informativos y deben interpretarse como aprobaci\u00f3n o respaldo por nuestra parte.<\/p>\n<p>Cualquier comentario en nuestro blog o canales de redes sociales no est\u00e1 respaldado ni verificado por nosotros. No somos responsables de los comentarios en nuestro Sitio realizados por terceros. Si nos damos cuenta de comentarios que probablemente sean angustiantes, los eliminaremos de nuestro Sitio. La eliminaci\u00f3n de comentarios no indica que se otorgar\u00e1 ninguna compensaci\u00f3n, no lo har\u00e1, los comentarios se eliminan para garantizar el disfrute de los usuarios del Sitio.<\/p>\n<p>&nbsp;<b>JURISDICCI\u00d3N Y RESOLUCI\u00d3N DE DISPUTAS<\/b><\/p>\n<p>Estos T\u00e9rminos se rigen por las leyes de Estados Unidos. Los Tribunales de Estados Unidos tienen jurisdicci\u00f3n exclusiva sobre cualquier asunto y procedimiento que surja del uso de este Sitio.<\/p>\n<p>Se pretende que todas las disputas puedan ser resueltas de buena fe entre las partes. Si no es posible resolver una disputa, entonces la disputa se remitir\u00e1 a la mediaci\u00f3n.&nbsp;<\/p>\n<p><b>POL\u00cdTICA DE COOKIES<\/b><\/p>\n<p>Este Sitio utiliza cookies; peque\u00f1os archivos de letras y n\u00fameros que se colocan autom\u00e1ticamente en su m\u00e1quina, si est\u00e1 de acuerdo, para ayudar a que nuestro Sitio brinde una mejor experiencia de usuario.<\/p>\n<p>Las cookies no suelen incluir informaci\u00f3n personal de identificaci\u00f3n, pero las cookies tambi\u00e9n pueden estar vinculadas a la informaci\u00f3n personal que se almacena sobre usted.<\/p>\n<p>Usamos cookies para conservar sus preferencias de usuario, almacenar informaci\u00f3n de elementos de nuestro Sitio, como carritos de compras, y proporcionar datos de seguimiento an\u00f3nimos a aplicaciones de terceros, como Google Analytics. Es probable que estas cookies sean cookies anal\u00edticas\/de rendimiento o cookies de orientaci\u00f3n. No tenemos control sobre las cookies de terceros.<\/p>\n<p>En general, las cookies deber\u00edan mejorar su experiencia de navegaci\u00f3n. Es posible que prefiera deshabilitar las cookies para este sitio, lo que puede hacer al deshabilitar las cookies en su navegador. Sugerimos seguir los pasos a trav\u00e9s de la herramienta de &#8216;Ayuda&#8217; de su navegador. Tenga en cuenta que si cambia la configuraci\u00f3n de su navegador para bloquear todas las cookies (incluidas las cookies esenciales), es posible que no pueda acceder a parte o la totalidad de nuestro Sitio.<\/p>\n<p>A excepci\u00f3n de las cookies esenciales, todas las cookies caducan dentro de un per\u00edodo de tiempo razonable.&nbsp;<\/p>\n<p><b>MISCEL\u00c1NEAS<\/b><\/p>\n<p>Mientras usa este Sitio, puede proporcionar informaci\u00f3n personal sobre usted, incluido su nombre y direcci\u00f3n de correo electr\u00f3nico. Al proporcionar estos detalles, acepta proporcionar informaci\u00f3n precisa y actualizada.<\/p>\n<p>Para evitar dudas, los T\u00e9rminos de uso son solo t\u00e9rminos, no hay intenci\u00f3n de crear un contrato.<\/p>\t\t\t\t\t\t\t\t<\/div>\n\t\t\t\t<\/div>\n\t\t\t\t\t<\/div>\n\t\t\t\t<\/div>\n\t\t\t\t<\/div>\n\t\t","protected":false},"excerpt":{"rendered":"<p>Estos T\u00e9rminos y condiciones establecen c\u00f3mo usted (el Usuario) puede usar este Sitio. Por favor, l\u00e9alas cuidadosamente. En Adolescencia Positiva LLC La Declaraci\u00f3n de privacidad&#8230;<\/p>\n","protected":false},"author":1,"featured_media":0,"parent":0,"menu_order":0,"comment_status":"closed","ping_status":"closed","template":"","meta":{"_acf_changed":false,"pmpro_default_level":"","footnotes":""},"class_list":["post-191","page","type-page","status-publish","hentry","pmpro-has-access"],"acf":[],"_links":{"self":[{"href":"https:\/\/lasmamascool.com\/unete\/wp-json\/wp\/v2\/pages\/191","targetHints":{"allow":["GET"]}}],"collection":[{"href":"https:\/\/lasmamascool.com\/unete\/wp-json\/wp\/v2\/pages"}],"about":[{"href":"https:\/\/lasmamascool.com\/unete\/wp-json\/wp\/v2\/types\/page"}],"author":[{"embeddable":true,"href":"https:\/\/lasmamascool.com\/unete\/wp-json\/wp\/v2\/users\/1"}],"replies":[{"embeddable":true,"href":"https:\/\/lasmamascool.com\/unete\/wp-json\/wp\/v2\/comments?post=191"}],"version-history":[{"count":11,"href":"https:\/\/lasmamascool.com\/unete\/wp-json\/wp\/v2\/pages\/191\/revisions"}],"predecessor-version":[{"id":549,"href":"https:\/\/lasmamascool.com\/unete\/wp-json\/wp\/v2\/pages\/191\/revisions\/549"}],"wp:attachment":[{"href":"https:\/\/lasmamascool.com\/unete\/wp-json\/wp\/v2\/media?parent=191"}],"curies":[{"name":"wp","href":"https:\/\/api.w.org\/{rel}","templated":true}]}}