{"id":215,"date":"2024-12-13T14:31:24","date_gmt":"2024-12-13T18:31:24","guid":{"rendered":"https:\/\/lasmamascool.com\/?page_id=215"},"modified":"2025-04-22T22:32:30","modified_gmt":"2025-04-23T02:32:30","slug":"terminos-y-condiciones-clmc","status":"publish","type":"page","link":"https:\/\/lasmamascool.com\/unete\/terminos-y-condiciones-clmc\/","title":{"rendered":"T\u00e9rminos y condiciones de la membres\u00eda Las Mam\u00e1s Cool"},"content":{"rendered":"\t\t<div data-elementor-type=\"wp-page\" data-elementor-id=\"215\" class=\"elementor elementor-215\">\n\t\t\t\t<div class=\"elementor-element elementor-element-02a2136 e-flex e-con-boxed e-con e-parent\" data-id=\"02a2136\" data-element_type=\"container\" data-e-type=\"container\">\n\t\t\t\t\t<div class=\"e-con-inner\">\n\t\t\t\t<div class=\"elementor-element elementor-element-c4f8844 elementor-widget elementor-widget-text-editor\" data-id=\"c4f8844\" data-element_type=\"widget\" data-e-type=\"widget\" data-widget_type=\"text-editor.default\">\n\t\t\t\t<div class=\"elementor-widget-container\">\n\t\t\t\t\t\t\t\t\t<p><span style=\"font-weight: 400;\">Bienvenida(o) a la comunidad de Las Mam\u00e1s Cool. Al adquirir cualquiera de nuestras membres\u00edas, aceptas los siguientes t\u00e9rminos y condiciones, que rigen el acceso y uso de los beneficios exclusivos de nuestra comunidad. Este documento establece las bases para garantizar una experiencia enriquecedora y justa para todas las participantes.<\/span><\/p>\n<ol start=\"2\">\n<li><b> Definiciones<\/b><\/li>\n<\/ol>\n<ul>\n<li style=\"font-weight: 400;\" aria-level=\"1\"><b>Membres\u00eda:<\/b><span style=\"font-weight: 400;\"> Suscripci\u00f3n que otorga acceso a beneficios espec\u00edficos seg\u00fan el nivel adquirido.<\/span><\/li>\n<li style=\"font-weight: 400;\" aria-level=\"1\"><b>Miembro:<\/b><span style=\"font-weight: 400;\"> Persona que ha adquirido la membres\u00eda.<\/span><\/li>\n<li style=\"font-weight: 400;\" aria-level=\"1\"><b>Niveles de membres\u00eda:<\/b>\n<ul>\n<li style=\"font-weight: 400;\" aria-level=\"2\"><b>B\u00e1sica: Mam\u00e1 Aut\u00f3noma<\/b><span style=\"font-weight: 400;\"> ($10\/mes): Acceso a materiales as\u00edncronos y grabados.<\/span><\/li>\n<li style=\"font-weight: 400;\" aria-level=\"2\"><b>Est\u00e1ndar: Mam\u00e1 Conectada<\/b><span style=\"font-weight: 400;\"> ($25\/mes): Incluye todo lo anterior y actividades en vivo y participaci\u00f3n en comunidad.<\/span><\/li>\n<li style=\"font-weight: 400;\" aria-level=\"2\"><b>Premium: Mam\u00e1 Proactiva<\/b><span style=\"font-weight: 400;\"> ($50\/mes): Incluye todo lo anterior y el acceso a las actividades interactivas con Mariana Ponce.<\/span><\/li>\n<\/ul>\n<\/li>\n<li style=\"font-weight: 400;\" aria-level=\"1\"><b>Servicios:<\/b><span style=\"font-weight: 400;\"> Beneficios espec\u00edficos detallados para cada nivel de membres\u00eda.<\/span><\/li>\n<\/ul>\n<ol start=\"3\">\n<li><b> Duraci\u00f3n y Renovaci\u00f3n de la Membres\u00eda<\/b><\/li>\n<\/ol>\n<ul>\n<li style=\"font-weight: 400;\" aria-level=\"1\"><span style=\"font-weight: 400;\">Las membres\u00edas tienen un per\u00edodo de duraci\u00f3n mensual.<\/span><\/li>\n<li style=\"font-weight: 400;\" aria-level=\"1\"><span style=\"font-weight: 400;\">La renovaci\u00f3n es autom\u00e1tica al finalizar cada mes, a menos que se reciba una notificaci\u00f3n de cancelaci\u00f3n al menos 24 horas antes del final del per\u00edodo actual o que se haya cancelado a trav\u00e9s del perfil del usuario.<\/span><\/li>\n<\/ul>\n<ol start=\"4\">\n<li><b> Costos y Modalidades de Pago<\/b><\/li>\n<\/ol>\n<ul>\n<li style=\"font-weight: 400;\" aria-level=\"1\"><b>Costo:<\/b><span style=\"font-weight: 400;\"> Los precios de las membres\u00edas son: $10 (B\u00e1sica), $25 (Est\u00e1ndar) y $50 (Premium).<\/span><\/li>\n<li style=\"font-weight: 400;\" aria-level=\"1\"><b>Moneda:<\/b><span style=\"font-weight: 400;\"> Los pagos se realizan en d\u00f3lares americanos o en bol\u00edvares al tipo de cambio oficial del Banco Central de Venezuela.<\/span><\/li>\n<li style=\"font-weight: 400;\" aria-level=\"1\"><b>M\u00e9todos de Pago:<\/b><span style=\"font-weight: 400;\"> Aceptamos pagos con tarjetas internacionales a trav\u00e9s de Stripe y transferencias de bancos venezolanos.<\/span><\/li>\n<\/ul>\n<ol start=\"5\">\n<li><b> Servicios Incluidos<\/b><b><br><\/b><span style=\"font-weight: 400;\">Cada nivel de membres\u00eda ofrece beneficios espec\u00edficos:<\/span><\/li>\n<\/ol>\n<table>\n<tbody>\n<tr>\n<td>\n<p><b>B\u00e1sica<\/b><\/p>\n<\/td>\n<td>\n<p><b>Est\u00e1ndar<\/b><\/p>\n<\/td>\n<td>\n<p><b>Premium<\/b><\/p>\n<\/td>\n<\/tr>\n<tr>\n<td>\n<p><span style=\"font-weight: 400;\">Acceso a materiales grabados<\/span><\/p>\n<\/td>\n<td>\n<p><span style=\"font-weight: 400;\">Acceso a actividades en vivo y las interactivas con la comunidd<\/span><\/p>\n<\/td>\n<td>\n<p><span style=\"font-weight: 400;\">Retos dise\u00f1ados y supervisados por Mariana<\/span><\/p>\n<\/td>\n<\/tr>\n<tr>\n<td>\n<p><span style=\"font-weight: 400;\">Rutas de crecimiento<\/span><\/p>\n<\/td>\n<td>\n<p><span style=\"font-weight: 400;\">Grupo de apoyo (PAP)<\/span><\/p>\n<\/td>\n<td>\n<p><span style=\"font-weight: 400;\">Intercambio de preguntas as\u00edncronas con Mariana<\/span><\/p>\n<\/td>\n<\/tr>\n<tr>\n<td>\n<p><span style=\"font-weight: 400;\">Biblioteca de recursos y webinars grabados<\/span><\/p>\n<\/td>\n<td>\n<p><span style=\"font-weight: 400;\">Acceso al foro<\/span><\/p>\n<\/td>\n<td>\n<p><span style=\"font-weight: 400;\">Prioridad en preguntas y soporte personalizado<\/span><\/p>\n<\/td>\n<\/tr>\n<\/tbody>\n<\/table>\n<ol start=\"6\">\n<li><b> Pol\u00edtica de Cancelaci\u00f3n y Reembolsos<\/b><\/li>\n<\/ol>\n<ul>\n<li style=\"font-weight: 400;\" aria-level=\"1\"><b>Cancelaci\u00f3n:<\/b><span style=\"font-weight: 400;\"> La miembro puede cancelar su membres\u00eda notificando a trav\u00e9s del canal oficial: <\/span><b><span \n                data-original-string='6Zer5t6cc\/G0XAe4jUMb2Q==5a7yxau8+1B6J2XCZNeYWTeqAKlT5kcO0uCC9GzxZKc3Ts='\n                class='apbct-email-encoder'\n                title='Este contacto ha sido codificado por Anti-Spam by CleanTalk. Haz clic para decodificar. Para finalizar la decodificaci\u00f3n, aseg\u00farate de que JavaScript est\u00e1 activado en tu navegador.'>co<span class=\"apbct-blur\">******<\/span>@<span class=\"apbct-blur\">**********<\/span>ol.com<\/span><\/b><span style=\"font-weight: 400;\"> o por medio de su perfil de usuario.<\/span><\/li>\n<li style=\"font-weight: 400;\" aria-level=\"1\"><b>Reembolsos:<\/b><span style=\"font-weight: 400;\"> No se otorgar\u00e1n reembolsos una vez iniciado el mes de membres\u00eda, excepto en los siguientes casos excepcionales:<\/span>\n<ul>\n<li style=\"font-weight: 400;\" aria-level=\"2\"><span style=\"font-weight: 400;\">Cobros duplicados.<\/span><\/li>\n<li style=\"font-weight: 400;\" aria-level=\"2\"><span style=\"font-weight: 400;\">Los primeros 7 d\u00edas de su primera subscripci\u00f3n.<\/span><\/li>\n<\/ul>\n<\/li>\n<\/ul>\n<ol start=\"7\">\n<li><b> Obligaciones de las Miembros<\/b><b><br><\/b><span style=\"font-weight: 400;\">Se espera que todas las miembros:<\/span><\/li>\n<\/ol>\n<ul>\n<li style=\"font-weight: 400;\" aria-level=\"1\"><span style=\"font-weight: 400;\">Respeten la normativa de conducta en actividades y foros.<\/span><\/li>\n<li style=\"font-weight: 400;\" aria-level=\"1\"><span style=\"font-weight: 400;\">No compartan recursos exclusivos con personas externas.<\/span><\/li>\n<li style=\"font-weight: 400;\" aria-level=\"1\"><span style=\"font-weight: 400;\">Respete los derechos de autor de las creaciones generadas dentro de Las Mam\u00e1s Cool.<\/span><\/li>\n<\/ul>\n<ol start=\"8\">\n<li><b> Protecci\u00f3n de Datos Personales<\/b><b><br><\/b><span style=\"font-weight: 400;\">Adolescencia Positiva LLC garantiza la confidencialidad de la informaci\u00f3n proporcionada por las miembros, conforme a la Pol\u00edtica de Privacidad publicada en la p\u00e1gina de las&nbsp;<a href=\"https:\/\/lasmamascool.com\/politicas-privacidad\/\" target=\"_blank\">Pol\u00edticas de Privacidad<\/a>.<\/span><\/li>\n<\/ol>\n<p><b>9. Legislaci\u00f3n Aplicable y Jurisdicci\u00f3n<\/b><b><br><\/b><span style=\"font-weight: 400;\">Estos t\u00e9rminos y condiciones se rigen por las leyes de los Estados Unidos. Cualquier disputa ser\u00e1 resuelta en los tribunales competentes de Florida, E.E.U.U.<\/span><\/p>\t\t\t\t\t\t\t\t<\/div>\n\t\t\t\t<\/div>\n\t\t\t\t\t<\/div>\n\t\t\t\t<\/div>\n\t\t\t\t<\/div>\n\t\t","protected":false},"excerpt":{"rendered":"<p>Bienvenida(o) a la comunidad de Las Mam\u00e1s Cool. Al adquirir cualquiera de nuestras membres\u00edas, aceptas los siguientes t\u00e9rminos y condiciones, que rigen el acceso y&#8230;<\/p>\n","protected":false},"author":1,"featured_media":0,"parent":0,"menu_order":0,"comment_status":"closed","ping_status":"closed","template":"","meta":{"_acf_changed":false,"pmpro_default_level":"","footnotes":""},"class_list":["post-215","page","type-page","status-publish","hentry","pmpro-has-access"],"acf":[],"_links":{"self":[{"href":"https:\/\/lasmamascool.com\/unete\/wp-json\/wp\/v2\/pages\/215","targetHints":{"allow":["GET"]}}],"collection":[{"href":"https:\/\/lasmamascool.com\/unete\/wp-json\/wp\/v2\/pages"}],"about":[{"href":"https:\/\/lasmamascool.com\/unete\/wp-json\/wp\/v2\/types\/page"}],"author":[{"embeddable":true,"href":"https:\/\/lasmamascool.com\/unete\/wp-json\/wp\/v2\/users\/1"}],"replies":[{"embeddable":true,"href":"https:\/\/lasmamascool.com\/unete\/wp-json\/wp\/v2\/comments?post=215"}],"version-history":[{"count":13,"href":"https:\/\/lasmamascool.com\/unete\/wp-json\/wp\/v2\/pages\/215\/revisions"}],"predecessor-version":[{"id":674,"href":"https:\/\/lasmamascool.com\/unete\/wp-json\/wp\/v2\/pages\/215\/revisions\/674"}],"wp:attachment":[{"href":"https:\/\/lasmamascool.com\/unete\/wp-json\/wp\/v2\/media?parent=215"}],"curies":[{"name":"wp","href":"https:\/\/api.w.org\/{rel}","templated":true}]}}