{"id":442,"date":"2025-01-08T19:32:13","date_gmt":"2025-01-08T23:32:13","guid":{"rendered":"https:\/\/lasmamascool.com\/unete\/?page_id=442"},"modified":"2025-04-11T21:00:42","modified_gmt":"2025-04-12T01:00:42","slug":"entrevistas","status":"publish","type":"page","link":"https:\/\/lasmamascool.com\/unete\/entrevistas\/","title":{"rendered":"Entrevistas"},"content":{"rendered":"\t\t<div data-elementor-type=\"wp-page\" data-elementor-id=\"442\" class=\"elementor elementor-442\">\n\t\t\t\t<div class=\"elementor-element elementor-element-de9ee0a e-flex e-con-boxed e-con e-parent\" data-id=\"de9ee0a\" data-element_type=\"container\" data-e-type=\"container\">\n\t\t\t\t\t<div class=\"e-con-inner\">\n\t\t<div class=\"elementor-element elementor-element-cb267d8 e-con-full e-flex e-con e-child\" data-id=\"cb267d8\" data-element_type=\"container\" data-e-type=\"container\">\n\t\t\t\t<div class=\"elementor-element elementor-element-697ce49 elementor-widget elementor-widget-heading\" data-id=\"697ce49\" data-element_type=\"widget\" data-e-type=\"widget\" data-widget_type=\"heading.default\">\n\t\t\t\t<div class=\"elementor-widget-container\">\n\t\t\t\t\t<h2 class=\"elementor-heading-title elementor-size-default\">EntrevistAS Y PRESENTACIONES<\/h2>\t\t\t\t<\/div>\n\t\t\t\t<\/div>\n\t\t\t\t<div class=\"elementor-element elementor-element-a34292b elementor-widget elementor-widget-text-editor\" data-id=\"a34292b\" data-element_type=\"widget\" data-e-type=\"widget\" data-widget_type=\"text-editor.default\">\n\t\t\t\t<div class=\"elementor-widget-container\">\n\t\t\t\t\t\t\t\t\t<p>Aqui est\u00e1n recopiladas algunas de las entrevistas en las que me has podido ver.\u00a0Muchas otras son en plataformas privadas o eventos que no se grabaron.\u00a0<\/p>\t\t\t\t\t\t\t\t<\/div>\n\t\t\t\t<\/div>\n\t\t\t\t<\/div>\n\t\t\t\t\t<\/div>\n\t\t\t\t<\/div>\n\t\t<div class=\"elementor-element elementor-element-7ca98d0 e-flex e-con-boxed e-con e-parent\" data-id=\"7ca98d0\" data-element_type=\"container\" data-e-type=\"container\">\n\t\t\t\t\t<div class=\"e-con-inner\">\n\t\t\t\t<div class=\"elementor-element elementor-element-a96afff elementor-widget elementor-widget-wpb-ea-videos-grid\" data-id=\"a96afff\" data-element_type=\"widget\" data-e-type=\"widget\" data-widget_type=\"wpb-ea-videos-grid.default\">\n\t\t\t\t<div class=\"elementor-widget-container\">\n\t\t\t\t\t\t\t\t<div class=\"wpb-ea-videos-grid\">\n\t\t\t\t<div class=\"ea-row\">\n\t\t\t\t\t\n\t\t\t\t\t\t\n\t\t\t\t\t\t<div class=\"wpb-ea-videos-grid-item-column col-lg-3 col-md-6\">\n\t\t\t\t\t\t\t<div class=\"wpb-ea-videos-grid-item\">\n\t\t\t\t\t\t\t\t<div class=\"wpb-ea-videos-grid-item-inner\">\n\t\t\t\t\t\t\t\t\t<iframe width=\"260\" height=\"146\" src=\"https:\/\/www.youtube.com\/embed\/pjLpN5Y5frk?feature=oembed\" frameborder=\"0\" allow=\"accelerometer; autoplay; clipboard-write; encrypted-media; gyroscope; picture-in-picture; web-share\" referrerpolicy=\"strict-origin-when-cross-origin\" allowfullscreen><\/iframe>\t\t\t\t\t\t\t\t\t<div class=\"wpb-video-content\">\n\t\t\t\t\t\t\t\t\t\t<h3>Shirley Radio<\/h3>\t\t\t\t\t\t\t\t\t\t<p>\u00bfC\u00f3mo ser un pap\u00e1 Cool? con la psic\u00f3loga Mariana Ponce<\/p>\n<p>Con Shirley Varnagy<\/p>\n\t\t\t\t\t\t\t\t\t\t\t\t\t\t\t\t\t\t\t<\/div>\n\t\t\t\t\t\t\t\t<\/div>\n\t\t\t\t\t\t\t<\/div>\n\t\t\t\t\t\t<\/div>\n\t\t\t\t\t\n\t\t\t\t\t\t\n\t\t\t\t\t\t<div class=\"wpb-ea-videos-grid-item-column col-lg-3 col-md-6\">\n\t\t\t\t\t\t\t<div class=\"wpb-ea-videos-grid-item\">\n\t\t\t\t\t\t\t\t<div class=\"wpb-ea-videos-grid-item-inner\">\n\t\t\t\t\t\t\t\t\t<iframe width=\"260\" height=\"146\" src=\"https:\/\/www.youtube.com\/embed\/gujOLs2d3Ds?feature=oembed\" frameborder=\"0\" allow=\"accelerometer; autoplay; clipboard-write; encrypted-media; gyroscope; picture-in-picture; web-share\" referrerpolicy=\"strict-origin-when-cross-origin\" allowfullscreen><\/iframe>\t\t\t\t\t\t\t\t\t<div class=\"wpb-video-content\">\n\t\t\t\t\t\t\t\t\t\t<h3>Shirley Radio<\/h3>\t\t\t\t\t\t\t\t\t\t<p>\u00bfC\u00f3mo cuidar a los j\u00f3venes de caer en retos peligrosos de TikTok?<\/p>\n<p>Con Shirley Varnagy<\/p>\n\t\t\t\t\t\t\t\t\t\t\t\t\t\t\t\t\t\t\t<\/div>\n\t\t\t\t\t\t\t\t<\/div>\n\t\t\t\t\t\t\t<\/div>\n\t\t\t\t\t\t<\/div>\n\t\t\t\t\t\n\t\t\t\t\t\t\n\t\t\t\t\t\t<div class=\"wpb-ea-videos-grid-item-column col-lg-3 col-md-6\">\n\t\t\t\t\t\t\t<div class=\"wpb-ea-videos-grid-item\">\n\t\t\t\t\t\t\t\t<div class=\"wpb-ea-videos-grid-item-inner\">\n\t\t\t\t\t\t\t\t\t<iframe width=\"260\" height=\"146\" src=\"https:\/\/www.youtube.com\/embed\/2esJQmZHqZQ?feature=oembed\" frameborder=\"0\" allow=\"accelerometer; autoplay; clipboard-write; encrypted-media; gyroscope; picture-in-picture; web-share\" referrerpolicy=\"strict-origin-when-cross-origin\" allowfullscreen><\/iframe>\t\t\t\t\t\t\t\t\t<div class=\"wpb-video-content\">\n\t\t\t\t\t\t\t\t\t\t<h3>Mundo Eyla<\/h3>\t\t\t\t\t\t\t\t\t\t<p>Aprende a conocer los matices del crecimiento de un adolescente<\/p>\n\t\t\t\t\t\t\t\t\t\t\t\t\t\t\t\t\t\t\t<\/div>\n\t\t\t\t\t\t\t\t<\/div>\n\t\t\t\t\t\t\t<\/div>\n\t\t\t\t\t\t<\/div>\n\t\t\t\t\t\n\t\t\t\t\t\t\n\t\t\t\t\t\t<div class=\"wpb-ea-videos-grid-item-column col-lg-3 col-md-6\">\n\t\t\t\t\t\t\t<div class=\"wpb-ea-videos-grid-item\">\n\t\t\t\t\t\t\t\t<div class=\"wpb-ea-videos-grid-item-inner\">\n\t\t\t\t\t\t\t\t\t<iframe width=\"260\" height=\"146\" src=\"https:\/\/www.youtube.com\/embed\/pVuTBtNMs-c?feature=oembed\" frameborder=\"0\" allow=\"accelerometer; autoplay; clipboard-write; encrypted-media; gyroscope; picture-in-picture; web-share\" referrerpolicy=\"strict-origin-when-cross-origin\" allowfullscreen><\/iframe>\t\t\t\t\t\t\t\t\t<div class=\"wpb-video-content\">\n\t\t\t\t\t\t\t\t\t\t<h3>\u00daltimas Noticias<\/h3>\t\t\t\t\t\t\t\t\t\t<p>Retos virales y peligros en las redes sociales<\/p>\n<p>Con Rita Di Mattia<\/p>\n\t\t\t\t\t\t\t\t\t\t\t\t\t\t\t\t\t\t\t<\/div>\n\t\t\t\t\t\t\t\t<\/div>\n\t\t\t\t\t\t\t<\/div>\n\t\t\t\t\t\t<\/div>\n\t\t\t\t\t\n\t\t\t\t\t\t\n\t\t\t\t\t\t<div class=\"wpb-ea-videos-grid-item-column col-lg-3 col-md-6\">\n\t\t\t\t\t\t\t<div class=\"wpb-ea-videos-grid-item\">\n\t\t\t\t\t\t\t\t<div class=\"wpb-ea-videos-grid-item-inner\">\n\t\t\t\t\t\t\t\t\t<iframe width=\"260\" height=\"146\" src=\"https:\/\/www.youtube.com\/embed\/FBEAgm7-XKI?feature=oembed\" frameborder=\"0\" allow=\"accelerometer; autoplay; clipboard-write; encrypted-media; gyroscope; picture-in-picture; web-share\" referrerpolicy=\"strict-origin-when-cross-origin\" allowfullscreen><\/iframe>\t\t\t\t\t\t\t\t\t<div class=\"wpb-video-content\">\n\t\t\t\t\t\t\t\t\t\t<h3>VPITV<\/h3>\t\t\t\t\t\t\t\t\t\t<p>\u00bfExiste la depresi\u00f3n infantil?<\/p>\n<p>Programa Buenos D\u00edas<\/p>\n\t\t\t\t\t\t\t\t\t\t\t\t\t\t\t\t\t\t\t<\/div>\n\t\t\t\t\t\t\t\t<\/div>\n\t\t\t\t\t\t\t<\/div>\n\t\t\t\t\t\t<\/div>\n\t\t\t\t\t\n\t\t\t\t\t\t\n\t\t\t\t\t\t<div class=\"wpb-ea-videos-grid-item-column col-lg-3 col-md-6\">\n\t\t\t\t\t\t\t<div class=\"wpb-ea-videos-grid-item\">\n\t\t\t\t\t\t\t\t<div class=\"wpb-ea-videos-grid-item-inner\">\n\t\t\t\t\t\t\t\t\t<iframe width=\"260\" height=\"146\" src=\"https:\/\/www.youtube.com\/embed\/peXCwYcsDmc?feature=oembed\" frameborder=\"0\" allow=\"accelerometer; autoplay; clipboard-write; encrypted-media; gyroscope; picture-in-picture; web-share\" referrerpolicy=\"strict-origin-when-cross-origin\" allowfullscreen><\/iframe>\t\t\t\t\t\t\t\t\t<div class=\"wpb-video-content\">\n\t\t\t\t\t\t\t\t\t\t<h3>VPItv<\/h3>\t\t\t\t\t\t\t\t\t\t<p>\u00bfQu\u00e9 es la depresi\u00f3n infantil y c\u00f3mo tratarla?<\/p>\n<p>Programa Buenos D\u00edas<\/p>\n\t\t\t\t\t\t\t\t\t\t\t\t\t\t\t\t\t\t\t<\/div>\n\t\t\t\t\t\t\t\t<\/div>\n\t\t\t\t\t\t\t<\/div>\n\t\t\t\t\t\t<\/div>\n\t\t\t\t\t\n\t\t\t\t\t\t\n\t\t\t\t\t\t<div class=\"wpb-ea-videos-grid-item-column col-lg-3 col-md-6\">\n\t\t\t\t\t\t\t<div class=\"wpb-ea-videos-grid-item\">\n\t\t\t\t\t\t\t\t<div class=\"wpb-ea-videos-grid-item-inner\">\n\t\t\t\t\t\t\t\t\t<iframe width=\"260\" height=\"146\" src=\"https:\/\/www.youtube.com\/embed\/tLgErY6HAgg?feature=oembed\" frameborder=\"0\" allow=\"accelerometer; autoplay; clipboard-write; encrypted-media; gyroscope; picture-in-picture; web-share\" referrerpolicy=\"strict-origin-when-cross-origin\" allowfullscreen><\/iframe>\t\t\t\t\t\t\t\t\t<div class=\"wpb-video-content\">\n\t\t\t\t\t\t\t\t\t\t<h3>VPITV<\/h3>\t\t\t\t\t\t\t\t\t\t<p>Inicio de clases: \u00bfC\u00f3mo incentivar la motivaci\u00f3n al estudio?<\/p>\n<p>Programa Buenos D\u00edas<\/p>\n\t\t\t\t\t\t\t\t\t\t\t\t\t\t\t\t\t\t\t<\/div>\n\t\t\t\t\t\t\t\t<\/div>\n\t\t\t\t\t\t\t<\/div>\n\t\t\t\t\t\t<\/div>\n\t\t\t\t\t\n\t\t\t\t\t\t\n\t\t\t\t\t\t<div class=\"wpb-ea-videos-grid-item-column col-lg-3 col-md-6\">\n\t\t\t\t\t\t\t<div class=\"wpb-ea-videos-grid-item\">\n\t\t\t\t\t\t\t\t<div class=\"wpb-ea-videos-grid-item-inner\">\n\t\t\t\t\t\t\t\t\t<iframe width=\"260\" height=\"146\" src=\"https:\/\/www.youtube.com\/embed\/ICdY87iTh-E?feature=oembed\" frameborder=\"0\" allow=\"accelerometer; autoplay; clipboard-write; encrypted-media; gyroscope; picture-in-picture; web-share\" referrerpolicy=\"strict-origin-when-cross-origin\" allowfullscreen><\/iframe>\t\t\t\t\t\t\t\t\t<div class=\"wpb-video-content\">\n\t\t\t\t\t\t\t\t\t\t<h3>As\u00ed Somos<\/h3>\t\t\t\t\t\t\t\t\t\t<p>Sharenting: El peligro de compartir fotos online de tus hijos<\/p>\n<p>Con Isa Berm\u00fadez y Graciela Beltr\u00e1n Car\u00edas en Uni\u00f3n Radio<\/p>\n\t\t\t\t\t\t\t\t\t\t\t\t\t\t\t\t\t\t\t<\/div>\n\t\t\t\t\t\t\t\t<\/div>\n\t\t\t\t\t\t\t<\/div>\n\t\t\t\t\t\t<\/div>\n\t\t\t\t\t\n\t\t\t\t\t\t\n\t\t\t\t\t\t<div class=\"wpb-ea-videos-grid-item-column col-lg-3 col-md-6\">\n\t\t\t\t\t\t\t<div class=\"wpb-ea-videos-grid-item\">\n\t\t\t\t\t\t\t\t<div class=\"wpb-ea-videos-grid-item-inner\">\n\t\t\t\t\t\t\t\t\t<iframe width=\"260\" height=\"146\" src=\"https:\/\/www.youtube.com\/embed\/DAJDeXfpctY?feature=oembed\" frameborder=\"0\" allow=\"accelerometer; autoplay; clipboard-write; encrypted-media; gyroscope; picture-in-picture; web-share\" referrerpolicy=\"strict-origin-when-cross-origin\" allowfullscreen><\/iframe>\t\t\t\t\t\t\t\t\t<div class=\"wpb-video-content\">\n\t\t\t\t\t\t\t\t\t\t<h3>La Ciencia del Bienestar<\/h3>\t\t\t\t\t\t\t\t\t\t<p>Vivir con prop\u00f3sito o el arte de encontrar el camino.<\/p>\n\t\t\t\t\t\t\t\t\t\t\t\t\t\t\t\t\t\t\t<\/div>\n\t\t\t\t\t\t\t\t<\/div>\n\t\t\t\t\t\t\t<\/div>\n\t\t\t\t\t\t<\/div>\n\t\t\t\t\t\n\t\t\t\t\t\t\n\t\t\t\t\t\t<div class=\"wpb-ea-videos-grid-item-column col-lg-3 col-md-6\">\n\t\t\t\t\t\t\t<div class=\"wpb-ea-videos-grid-item\">\n\t\t\t\t\t\t\t\t<div class=\"wpb-ea-videos-grid-item-inner\">\n\t\t\t\t\t\t\t\t\t<iframe width=\"260\" height=\"146\" src=\"https:\/\/www.youtube.com\/embed\/vYzJVIecH3M?feature=oembed\" frameborder=\"0\" allow=\"accelerometer; autoplay; clipboard-write; encrypted-media; gyroscope; picture-in-picture; web-share\" referrerpolicy=\"strict-origin-when-cross-origin\" allowfullscreen><\/iframe>\t\t\t\t\t\t\t\t\t<div class=\"wpb-video-content\">\n\t\t\t\t\t\t\t\t\t\t<h3>Daniel Liendo Podcast<\/h3>\t\t\t\t\t\t\t\t\t\t<p>La adolescencia no deber\u00eda ser complicada \ud83d\ude30 As\u00ed encontr\u00f3 Mariana su prop\u00f3sito y su negocio<\/p>\n\t\t\t\t\t\t\t\t\t\t\t\t\t\t\t\t\t\t\t<\/div>\n\t\t\t\t\t\t\t\t<\/div>\n\t\t\t\t\t\t\t<\/div>\n\t\t\t\t\t\t<\/div>\n\t\t\t\t\t\n\t\t\t\t\t\t\n\t\t\t\t\t\t<div class=\"wpb-ea-videos-grid-item-column col-lg-3 col-md-6\">\n\t\t\t\t\t\t\t<div class=\"wpb-ea-videos-grid-item\">\n\t\t\t\t\t\t\t\t<div class=\"wpb-ea-videos-grid-item-inner\">\n\t\t\t\t\t\t\t\t\t<iframe width=\"260\" height=\"146\" src=\"https:\/\/www.youtube.com\/embed\/qj580fltkGg?feature=oembed\" frameborder=\"0\" allow=\"accelerometer; autoplay; clipboard-write; encrypted-media; gyroscope; picture-in-picture; web-share\" referrerpolicy=\"strict-origin-when-cross-origin\" allowfullscreen><\/iframe>\t\t\t\t\t\t\t\t\t<div class=\"wpb-video-content\">\n\t\t\t\t\t\t\t\t\t\t<h3>Shirley Radio<\/h3>\t\t\t\t\t\t\t\t\t\t<p>\u00bfEs bueno el skincare en ni\u00f1os o en adolescentes?<\/p>\n\t\t\t\t\t\t\t\t\t\t\t\t\t\t\t\t\t\t\t<\/div>\n\t\t\t\t\t\t\t\t<\/div>\n\t\t\t\t\t\t\t<\/div>\n\t\t\t\t\t\t<\/div>\n\t\t\t\t\t\t\t\t\t<\/div>\n\t\t\t<\/div>\n\t\t\t\t<\/div>\n\t\t\t\t<\/div>\n\t\t\t\t\t<\/div>\n\t\t\t\t<\/div>\n\t\t\t\t<\/div>\n\t\t","protected":false},"excerpt":{"rendered":"<p>EntrevistAS Y PRESENTACIONES Aqui est\u00e1n recopiladas algunas de las entrevistas en las que me has podido ver.\u00a0Muchas otras son en plataformas privadas o eventos que&#8230;<\/p>\n","protected":false},"author":1,"featured_media":0,"parent":0,"menu_order":0,"comment_status":"closed","ping_status":"closed","template":"elementor_header_footer","meta":{"_acf_changed":false,"pmpro_default_level":"","footnotes":""},"class_list":["post-442","page","type-page","status-publish","hentry","pmpro-has-access"],"acf":[],"_links":{"self":[{"href":"https:\/\/lasmamascool.com\/unete\/wp-json\/wp\/v2\/pages\/442","targetHints":{"allow":["GET"]}}],"collection":[{"href":"https:\/\/lasmamascool.com\/unete\/wp-json\/wp\/v2\/pages"}],"about":[{"href":"https:\/\/lasmamascool.com\/unete\/wp-json\/wp\/v2\/types\/page"}],"author":[{"embeddable":true,"href":"https:\/\/lasmamascool.com\/unete\/wp-json\/wp\/v2\/users\/1"}],"replies":[{"embeddable":true,"href":"https:\/\/lasmamascool.com\/unete\/wp-json\/wp\/v2\/comments?post=442"}],"version-history":[{"count":13,"href":"https:\/\/lasmamascool.com\/unete\/wp-json\/wp\/v2\/pages\/442\/revisions"}],"predecessor-version":[{"id":589,"href":"https:\/\/lasmamascool.com\/unete\/wp-json\/wp\/v2\/pages\/442\/revisions\/589"}],"wp:attachment":[{"href":"https:\/\/lasmamascool.com\/unete\/wp-json\/wp\/v2\/media?parent=442"}],"curies":[{"name":"wp","href":"https:\/\/api.w.org\/{rel}","templated":true}]}}