{"id":601,"date":"2025-04-14T14:22:22","date_gmt":"2025-04-14T18:22:22","guid":{"rendered":"https:\/\/lasmamascool.com\/unete\/?page_id=601"},"modified":"2026-01-06T14:03:31","modified_gmt":"2026-01-06T18:03:31","slug":"programa-social","status":"publish","type":"page","link":"https:\/\/lasmamascool.com\/unete\/programa-social\/","title":{"rendered":"Programa Social"},"content":{"rendered":"\t\t<div data-elementor-type=\"wp-page\" data-elementor-id=\"601\" class=\"elementor elementor-601\">\n\t\t\t\t<div class=\"elementor-element elementor-element-9b970ab e-flex e-con-boxed e-con e-parent\" data-id=\"9b970ab\" data-element_type=\"container\" data-e-type=\"container\">\n\t\t\t\t\t<div class=\"e-con-inner\">\n\t\t\t\t<div class=\"elementor-element elementor-element-6ccfddf elementor-widget elementor-widget-text-editor\" data-id=\"6ccfddf\" data-element_type=\"widget\" data-e-type=\"widget\" data-widget_type=\"text-editor.default\">\n\t\t\t\t<div class=\"elementor-widget-container\">\n\t\t\t\t\t\t\t\t\t<p>Como fundadora, estoy clara de lo afortunada que soy de poder vivir de mis pasiones e intereses como negocios. Sin embargo, desde el d\u00eda que comenc\u00e9 a trabajar de forma individual (en ese momento fue dar clases de ingl\u00e9s a ni\u00f1os mientras pagaba mis estudios universitarios), hice un compromiso de apoyar siempre a personas que no ten\u00edan los recursos para acceder a los servicios que yo ofrezco.&nbsp; Desde ese momento, entre 5-10% de mis servicios son ofrecidos en formatos de becas o descuentos significativos para personas que realmente quieren beneficiarse de mis servicios y se comprometen con eso. En su momento fueron ni\u00f1os a quienes les daba clases de forma gratuita. Luego, al graduarme y comenzar a trabajar, fue atender a pacientes de forma gratuita o bajo costo (lo cual contin\u00fao haciendo). Los programas de La Burbuja no se quedan atr\u00e1s, teniendo participantes adolescentes becados siempre para que pudiesen participar en las sesiones grupales.&nbsp;<\/p>\n<p>Con este nuevo proyecto queremos beneficiar a madres y padres de adolescentes que no tengan los recursos para acceder a esta informaci\u00f3n pero que realmente lo deseen. Es por eso que un porcentaje de los ingresos es dirigido a este prop\u00f3sito.&nbsp;<\/p>\n<p>Tenemos varias organizaciones con quienes deseamos trabajar de forma organizada para poder llegar a muchos espacios de Venezuela (inicialmente). Mientras vaya creciendo la comunidad podr\u00e1n ir viendo el impacto que tenemos y la cantidad de familias beneficiadas por su aporte.&nbsp;<\/p>\n<p><b>Donde brilla una, brillamos todas <img decoding=\"async\" draggable=\"false\" role=\"img\" class=\"emoji\" alt=\"\ud83d\udc9c\" src=\"https:\/\/s.w.org\/images\/core\/emoji\/17.0.2\/svg\/1f49c.svg\"><\/b><\/p>\t\t\t\t\t\t\t\t<\/div>\n\t\t\t\t<\/div>\n\t\t\t\t\t<\/div>\n\t\t\t\t<\/div>\n\t\t\t\t<\/div>\n\t\t","protected":false},"excerpt":{"rendered":"<p>Como fundadora, estoy clara de lo afortunada que soy de poder vivir de mis pasiones e intereses como negocios. Sin embargo, desde el d\u00eda que&#8230;<\/p>\n","protected":false},"author":1,"featured_media":0,"parent":0,"menu_order":0,"comment_status":"closed","ping_status":"closed","template":"elementor_header_footer","meta":{"_acf_changed":false,"pmpro_default_level":"","footnotes":""},"class_list":["post-601","page","type-page","status-publish","hentry","pmpro-has-access"],"acf":[],"_links":{"self":[{"href":"https:\/\/lasmamascool.com\/unete\/wp-json\/wp\/v2\/pages\/601","targetHints":{"allow":["GET"]}}],"collection":[{"href":"https:\/\/lasmamascool.com\/unete\/wp-json\/wp\/v2\/pages"}],"about":[{"href":"https:\/\/lasmamascool.com\/unete\/wp-json\/wp\/v2\/types\/page"}],"author":[{"embeddable":true,"href":"https:\/\/lasmamascool.com\/unete\/wp-json\/wp\/v2\/users\/1"}],"replies":[{"embeddable":true,"href":"https:\/\/lasmamascool.com\/unete\/wp-json\/wp\/v2\/comments?post=601"}],"version-history":[{"count":5,"href":"https:\/\/lasmamascool.com\/unete\/wp-json\/wp\/v2\/pages\/601\/revisions"}],"predecessor-version":[{"id":1014,"href":"https:\/\/lasmamascool.com\/unete\/wp-json\/wp\/v2\/pages\/601\/revisions\/1014"}],"wp:attachment":[{"href":"https:\/\/lasmamascool.com\/unete\/wp-json\/wp\/v2\/media?parent=601"}],"curies":[{"name":"wp","href":"https:\/\/api.w.org\/{rel}","templated":true}]}}